{"id":345,"date":"2026-03-27T13:31:59","date_gmt":"2026-03-27T13:31:59","guid":{"rendered":"https:\/\/alexander-hieke.de\/?page_id=345"},"modified":"2026-03-31T19:17:40","modified_gmt":"2026-03-31T19:17:40","slug":"schamanisches-ritual","status":"publish","type":"page","link":"https:\/\/alexander-hieke.de\/?page_id=345","title":{"rendered":"Ritualarbeit"},"content":{"rendered":"\n<p>Warum ist Ritualarbeit wertvoll?<\/p>\n\n\n\n<p>Im Ritual werden Situationen und Verhaltensmuster ganzheitlich erfasst und an der notwendigen Stelle wird auf energetischer Ebene  etwas ver\u00e4ndert, sodass eine Bewusstwerdung stattfindet und wir mit verschiedenen Schl\u00fcssel- Situationen unseres Lebens nun anders umgehen k\u00f6nnen.<\/p>\n\n\n\n<p>Aufbau des Rituals und Anwendungsgebiete:<\/p>\n\n\n\n<p>1. Was ist der Unterschied zwischen wirklicher Nahrung f\u00fcr K\u00f6rper und Geist und der Befriedigung emotionaler Bed\u00fcrfnisse durch essen und kaufen als reine Konsum- Handlung? Unser Ziel im Ritual ist es  zu lernen, den K\u00f6rper und seine Bed\u00fcrfnisse wahrzunehmen und ihm dann das  geben zu k\u00f6nnen, was er wirklich braucht. Dadurch werden wir nicht nur Leistungsf\u00e4higer und ges\u00fcnder nach einiger Zeit, sondern t\u00e4tigen auch keine unn\u00fctzen K\u00e4ufe mehr, was uns insgesamt entlastet und Platz macht f\u00fcr das, was wir wirklich m\u00f6gen.<\/p>\n\n\n\n<p>2.Wie lerne ich zu f\u00fchlen, was ich wirklich m\u00f6chte? Unser Ziel im Ritual ist es, f\u00fchlen zu lernen, wie sich die Energie unserer inneren Wahrheit z.b. beim treffen von Entscheidungen anf\u00fchlt. Was unsere tiefste Essenz ist, wenn wir Konditionierungen der Gesellschaft, unserer Eltern und Nachbarn nicht mehr bedienen m\u00fcssen und uns selbst in Wahrheit begegnen. Dies hat zur Folge, dass wir freier werden in unserem Ausdruck und auch in unserer Lebensplanung. Wir m\u00fcssen nichts mehr tun, was wir nicht wirklich wollen.<\/p>\n\n\n\n<p>Ablauf des Rituals :<\/p>\n\n\n\n<p>1. Tag : Anamnese der Lebenssituation ca. 1,5-2 h . Der Tag sollte im Bewusstsein gelebt werden, dass sich etwas gro\u00dfes im Leben ver\u00e4ndern darf. Etwas Wichtiges wird geschehen. Erlebnisse dieses Tages und die Tr\u00e4ume in der Nacht sollten aufgeschrieben werden.<\/p>\n\n\n\n<p>2. Tag : Ritual : Vorgespr\u00e4ch, Meditation, Bewegungs\u00fcbung, Danken und Bitten f\u00fcr alles, was uns wichtig ist, Visionsreise mit der Trommel, Transformations\u00fcbung( ist bei jeder Person individuell etwas anders) , Nachgespr\u00e4ch. Dauer des Rituals ca. 3 h mit kleiner Pause. Wichtige Erkenntnisse sollten notiert werden. Es ist ratsam, den restlichen Tag in Ruhe und Achtsamkeit zu verbringen.<\/p>\n\n\n\n<p>Energieausgleich: Ritual komplett : 499 \u20ac<\/p>\n\n\n\n<p>  nur Visionsreise mit der Trommel :   99 \u20ac                                                                                                                                                                                                      <\/p>\n","protected":false},"excerpt":{"rendered":"<p>Warum ist Ritualarbeit wertvoll? Im Ritual werden Situationen und Verhaltensmuster ganzheitlich erfasst und an der notwendigen Stelle wird auf energetischer Ebene etwas ver\u00e4ndert, sodass eine Bewusstwerdung stattfindet und wir mit verschiedenen Schl\u00fcssel- Situationen unseres Lebens nun anders umgehen k\u00f6nnen. Aufbau des Rituals und Anwendungsgebiete: 1. Was ist der Unterschied zwischen wirklicher Nahrung f\u00fcr K\u00f6rper und Geist und der Befriedigung emotionaler Bed\u00fcrfnisse durch essen und kaufen als reine Konsum- Handlung? Unser Ziel im Ritual ist es zu lernen, den K\u00f6rper und&#8230;<\/p>\n<p class=\"read-more\"><a class=\"btn btn-default\" href=\"https:\/\/alexander-hieke.de\/?page_id=345\">Weiterlesen<span class=\"screen-reader-text\"> Weiterlesen<\/span><\/a><\/p>\n","protected":false},"author":1,"featured_media":0,"parent":0,"menu_order":0,"comment_status":"closed","ping_status":"closed","template":"","meta":{"footnotes":""},"class_list":["post-345","page","type-page","status-publish","hentry"],"yoast_head":"<!-- This site is optimized with the Yoast SEO plugin v27.3 - https:\/\/yoast.com\/product\/yoast-seo-wordpress\/ -->\n<title>Ritualarbeit - Spirituelle Therapie<\/title>\n<meta name=\"description\" content=\"Wie lerne ich zu f\u00fchlen, was ich wirklich m\u00f6chte im Leben? Ritual f\u00fcr Arbeit\/Berufung, gesunde Nahrung, freier Wille\/Transformation\" \/>\n<meta name=\"robots\" content=\"index, follow, max-snippet:-1, max-image-preview:large, max-video-preview:-1\" \/>\n<link rel=\"canonical\" href=\"https:\/\/alexander-hieke.de\/?page_id=345\" \/>\n<meta property=\"og:locale\" content=\"de_DE\" \/>\n<meta property=\"og:type\" content=\"article\" \/>\n<meta property=\"og:title\" content=\"Ritualarbeit - Spirituelle Therapie\" \/>\n<meta property=\"og:description\" content=\"Wie lerne ich zu f\u00fchlen, was ich wirklich m\u00f6chte im Leben? Ritual f\u00fcr Arbeit\/Berufung, gesunde Nahrung, freier Wille\/Transformation\" \/>\n<meta property=\"og:url\" content=\"https:\/\/alexander-hieke.de\/?page_id=345\" \/>\n<meta property=\"og:site_name\" content=\"Spirituelle Therapie\" \/>\n<meta property=\"article:modified_time\" content=\"2026-03-31T19:17:40+00:00\" \/>\n<meta name=\"twitter:card\" content=\"summary_large_image\" \/>\n<meta name=\"twitter:label1\" content=\"Gesch\u00e4tzte Lesezeit\" \/>\n\t<meta name=\"twitter:data1\" content=\"2\u00a0Minuten\" \/>\n<script type=\"application\/ld+json\" class=\"yoast-schema-graph\">{\"@context\":\"https:\\\/\\\/schema.org\",\"@graph\":[{\"@type\":\"WebPage\",\"@id\":\"https:\\\/\\\/alexander-hieke.de\\\/?page_id=345\",\"url\":\"https:\\\/\\\/alexander-hieke.de\\\/?page_id=345\",\"name\":\"Ritualarbeit - Spirituelle Therapie\",\"isPartOf\":{\"@id\":\"https:\\\/\\\/alexander-hieke.de\\\/#website\"},\"datePublished\":\"2026-03-27T13:31:59+00:00\",\"dateModified\":\"2026-03-31T19:17:40+00:00\",\"description\":\"Wie lerne ich zu f\u00fchlen, was ich wirklich m\u00f6chte im Leben? Ritual f\u00fcr Arbeit\\\/Berufung, gesunde Nahrung, freier Wille\\\/Transformation\",\"breadcrumb\":{\"@id\":\"https:\\\/\\\/alexander-hieke.de\\\/?page_id=345#breadcrumb\"},\"inLanguage\":\"de\",\"potentialAction\":[{\"@type\":\"ReadAction\",\"target\":[\"https:\\\/\\\/alexander-hieke.de\\\/?page_id=345\"]}]},{\"@type\":\"BreadcrumbList\",\"@id\":\"https:\\\/\\\/alexander-hieke.de\\\/?page_id=345#breadcrumb\",\"itemListElement\":[{\"@type\":\"ListItem\",\"position\":1,\"name\":\"Startseite\",\"item\":\"https:\\\/\\\/alexander-hieke.de\\\/\"},{\"@type\":\"ListItem\",\"position\":2,\"name\":\"Ritualarbeit\"}]},{\"@type\":\"WebSite\",\"@id\":\"https:\\\/\\\/alexander-hieke.de\\\/#website\",\"url\":\"https:\\\/\\\/alexander-hieke.de\\\/\",\"name\":\"Spirituelle Therapie\",\"description\":\"Komm in deine Kraft\",\"potentialAction\":[{\"@type\":\"SearchAction\",\"target\":{\"@type\":\"EntryPoint\",\"urlTemplate\":\"https:\\\/\\\/alexander-hieke.de\\\/?s={search_term_string}\"},\"query-input\":{\"@type\":\"PropertyValueSpecification\",\"valueRequired\":true,\"valueName\":\"search_term_string\"}}],\"inLanguage\":\"de\"}]}<\/script>\n<!-- \/ Yoast SEO plugin. -->","yoast_head_json":{"title":"Ritualarbeit - Spirituelle Therapie","description":"Wie lerne ich zu f\u00fchlen, was ich wirklich m\u00f6chte im Leben? Ritual f\u00fcr Arbeit\/Berufung, gesunde Nahrung, freier Wille\/Transformation","robots":{"index":"index","follow":"follow","max-snippet":"max-snippet:-1","max-image-preview":"max-image-preview:large","max-video-preview":"max-video-preview:-1"},"canonical":"https:\/\/alexander-hieke.de\/?page_id=345","og_locale":"de_DE","og_type":"article","og_title":"Ritualarbeit - Spirituelle Therapie","og_description":"Wie lerne ich zu f\u00fchlen, was ich wirklich m\u00f6chte im Leben? Ritual f\u00fcr Arbeit\/Berufung, gesunde Nahrung, freier Wille\/Transformation","og_url":"https:\/\/alexander-hieke.de\/?page_id=345","og_site_name":"Spirituelle Therapie","article_modified_time":"2026-03-31T19:17:40+00:00","twitter_card":"summary_large_image","twitter_misc":{"Gesch\u00e4tzte Lesezeit":"2\u00a0Minuten"},"schema":{"@context":"https:\/\/schema.org","@graph":[{"@type":"WebPage","@id":"https:\/\/alexander-hieke.de\/?page_id=345","url":"https:\/\/alexander-hieke.de\/?page_id=345","name":"Ritualarbeit - Spirituelle Therapie","isPartOf":{"@id":"https:\/\/alexander-hieke.de\/#website"},"datePublished":"2026-03-27T13:31:59+00:00","dateModified":"2026-03-31T19:17:40+00:00","description":"Wie lerne ich zu f\u00fchlen, was ich wirklich m\u00f6chte im Leben? Ritual f\u00fcr Arbeit\/Berufung, gesunde Nahrung, freier Wille\/Transformation","breadcrumb":{"@id":"https:\/\/alexander-hieke.de\/?page_id=345#breadcrumb"},"inLanguage":"de","potentialAction":[{"@type":"ReadAction","target":["https:\/\/alexander-hieke.de\/?page_id=345"]}]},{"@type":"BreadcrumbList","@id":"https:\/\/alexander-hieke.de\/?page_id=345#breadcrumb","itemListElement":[{"@type":"ListItem","position":1,"name":"Startseite","item":"https:\/\/alexander-hieke.de\/"},{"@type":"ListItem","position":2,"name":"Ritualarbeit"}]},{"@type":"WebSite","@id":"https:\/\/alexander-hieke.de\/#website","url":"https:\/\/alexander-hieke.de\/","name":"Spirituelle Therapie","description":"Komm in deine Kraft","potentialAction":[{"@type":"SearchAction","target":{"@type":"EntryPoint","urlTemplate":"https:\/\/alexander-hieke.de\/?s={search_term_string}"},"query-input":{"@type":"PropertyValueSpecification","valueRequired":true,"valueName":"search_term_string"}}],"inLanguage":"de"}]}},"_links":{"self":[{"href":"https:\/\/alexander-hieke.de\/index.php?rest_route=\/wp\/v2\/pages\/345","targetHints":{"allow":["GET"]}}],"collection":[{"href":"https:\/\/alexander-hieke.de\/index.php?rest_route=\/wp\/v2\/pages"}],"about":[{"href":"https:\/\/alexander-hieke.de\/index.php?rest_route=\/wp\/v2\/types\/page"}],"author":[{"embeddable":true,"href":"https:\/\/alexander-hieke.de\/index.php?rest_route=\/wp\/v2\/users\/1"}],"replies":[{"embeddable":true,"href":"https:\/\/alexander-hieke.de\/index.php?rest_route=%2Fwp%2Fv2%2Fcomments&post=345"}],"version-history":[{"count":6,"href":"https:\/\/alexander-hieke.de\/index.php?rest_route=\/wp\/v2\/pages\/345\/revisions"}],"predecessor-version":[{"id":380,"href":"https:\/\/alexander-hieke.de\/index.php?rest_route=\/wp\/v2\/pages\/345\/revisions\/380"}],"wp:attachment":[{"href":"https:\/\/alexander-hieke.de\/index.php?rest_route=%2Fwp%2Fv2%2Fmedia&parent=345"}],"curies":[{"name":"wp","href":"https:\/\/api.w.org\/{rel}","templated":true}]}}